{"id":264,"date":"2025-11-26T10:02:00","date_gmt":"2025-11-26T10:02:00","guid":{"rendered":"https:\/\/promenada.plusvalue.ro\/?page_id=264"},"modified":"2026-02-16T18:51:28","modified_gmt":"2026-02-16T18:51:28","slug":"politica-de-cookies","status":"publish","type":"page","link":"https:\/\/promenadaoffices.ro\/en\/politica-de-cookies\/","title":{"rendered":"Cookies Policy"},"content":{"rendered":"\t\t<div data-elementor-type=\"wp-page\" data-elementor-id=\"264\" class=\"elementor elementor-264\" data-elementor-post-type=\"page\">\n\t\t\t\t<div class=\"elementor-element elementor-element-f29da84 e-flex e-con-boxed e-con e-parent\" data-id=\"f29da84\" data-element_type=\"container\" data-e-type=\"container\" data-settings=\"{&quot;background_background&quot;:&quot;classic&quot;}\">\n\t\t\t\t\t<div class=\"e-con-inner\">\n\t\t\t\t<div class=\"elementor-element elementor-element-649d227 elementor-widget elementor-widget-heading\" data-id=\"649d227\" data-element_type=\"widget\" data-e-type=\"widget\" data-widget_type=\"heading.default\">\n\t\t\t\t\t<h1 class=\"elementor-heading-title elementor-size-default\">Politica de Cookies<\/h1>\t\t\t\t<\/div>\n\t\t\t\t\t<\/div>\n\t\t\t\t<\/div>\n\t\t<div class=\"elementor-element elementor-element-148a420 e-flex e-con-boxed e-con e-parent\" data-id=\"148a420\" data-element_type=\"container\" data-e-type=\"container\">\n\t\t\t\t\t<div class=\"e-con-inner\">\n\t\t\t\t<div class=\"elementor-element elementor-element-8a18f9f elementor-widget elementor-widget-spacer\" data-id=\"8a18f9f\" data-element_type=\"widget\" data-e-type=\"widget\" data-widget_type=\"spacer.default\">\n\t\t\t\t\t\t\t<div class=\"elementor-spacer\">\n\t\t\t<div class=\"elementor-spacer-inner\"><\/div>\n\t\t<\/div>\n\t\t\t\t\t\t<\/div>\n\t\t\t\t<div class=\"elementor-element elementor-element-78a06d1 elementor-widget elementor-widget-text-editor\" data-id=\"78a06d1\" data-element_type=\"widget\" data-e-type=\"widget\" data-widget_type=\"text-editor.default\">\n\t\t\t\t\t\t\t\t\t<p>Politica de Cookies<\/p><p><strong>POLITIC\u0102 \u0218I SET\u0102RI COOKIES<\/strong><\/p><p>Cadrul legal general care reglementeaz\u0103 protec\u021bia datelor cu caracter personal este reprezentat de c\u0103tre Regulamentul General privind Protec\u021bia Datelor cu Caracter Personal nr. 679\/2016 (\u201c<strong>GDPR<\/strong>\u201d) aplicabil \u00een Uniunea Europeana, iar aceast\u0103 Politic\u0103 privind modulele cookies urmeaz\u0103 cerin\u021bele prev\u0103zute \u00een GDPR.<\/p><p>Aceast\u0103 Politic\u0103 privind modulele cookie (\u201ePolitica privind modulele cookie\u201d) descrie diferitele tipuri de cookie-uri care sunt utilizate \u00een legatur\u0103 cu site-ul de\u021binut \u0219i controlat de\u00a0<strong>Promenada Mall Bucuresti S.R.L.<\/strong>\u00a0o societate de drept rom\u00e2n, cu sediul social \u00een Bucure\u0219ti, Calea Floreasca 169A, Floreasca 169, Cl\u0103direa A, etajul 5, sec\u021biunea A5.1, biroul nr. 43, sector 1, Rom\u00e2nia, \u00eenregistrat\u0103 sub nr. J2005016862408, C.U.I. RO18020418 (\u00een continuare \u201e<strong>Promenada Offices<\/strong>\u201d). Promenada Offices ac\u021bioneaz\u0103 \u00een calitate de operator de date cu caracter personal.<\/p><p>\u00a0<strong>CE SUNT COOKIE-URILE?<\/strong><\/p><p>Un \u201eInternet Cookie\u201d (termen cunoscut \u0219i sub denumirea de \u201ebrowser cookie\u201d sau \u201eHTTP cookie\u201d ori \u201ecookie\u201d) reprezint\u0103 un fi\u0219ier de mici dimensiuni, format din litere \u0219i numere, care va fi stocat pe computerul, terminalul mobil sau pe alte echipamente ale unui utilizator prin intermediul c\u0103rora se acceseaz\u0103 internetul.<\/p><p>Cookie-urile sunt instalate prin solicitarea emis\u0103 de un web-server c\u0103tre un browser (ex: Internet Explorer, Firefox, Chrome). Cookie-urile odat\u0103 instalate au o durat\u0103 de existen\u021b\u0103 determinat\u0103, r\u0103m\u00e2n\u00e2nd \u201epasive\u201d, \u00een sensul c\u0103 nu con\u021bin programe software, viru\u0219i sau spyware \u0219i nu vor accesa informa\u021biile de pe hard drive-ul utilizatorului pe al c\u0103rui echipament au fost instalate.<\/p><p>Un cookie este format din dou\u0103 p\u0103r\u021bi:\u00a0<strong>numele\u00a0<\/strong>\u0219i\u00a0<strong>con\u021binutul sau valoarea cookie-ului<\/strong>.<\/p><p>\u00a0<strong>CUM \u0218I DE CE FOLOSIM COOKIE-URI?<\/strong><\/p><p><strong>Promenada Offices<\/strong>\u00a0folose\u0219te cookies pentru a \u00eembun\u0103t\u0103\u021bi utilizarea \u0219i func\u021bionalitatea site-ului \u0219i pentru a \u00een\u021belege mai bine modul \u00een care vizitatorii utilizeaz\u0103 site-ul, precum \u0219i serviciile oferite de c\u0103tre acesta.<\/p><p>Stocarea de cookies pe calculatorul dumneavoastr\u0103 ne ofer\u0103 o modalitate u\u0219oara \u0219i convenabil\u0103 pentru a personaliza sau a \u00eembun\u0103t\u0103\u021bi experien\u021ba dumneavoastr\u0103 pe site-urile noastre \u0219i pentru a face urm\u0103toarea vizit\u0103 mai pl\u0103cut\u0103.<\/p><p>Modulele cookie \u00een sine nu solicit\u0103 \u0219i nu de\u021bin date cu caracter personal. Ele nu pot identifica personal un utilizator de internet. Datele personale pot fi colectate prin utilizarea modulelor cookie doar pentru a facilita anumite func\u021bionalit\u0103\u021bi pentru utilizator, \u00eembun\u0103t\u0103\u021bind experien\u021ba de navigare pe Internet (de exemplu: set\u0103rile limbii \u00een care se dore\u0219te accesarea unui website;<\/p><p>Pentru detalii legate de prelucrarea datelor dumneavoastr\u0103 cu caracter personal, v\u0103 rug\u0103m s\u0103 consulta\u021bi Politica de confiden\u021bialitate disponibil\u0103 la urm\u0103toarea sec\u021biune: <a href=\"https:\/\/promenadaoffices.ro\/nota-de-informare\/\">Not\u0103 de informare \u2013 Promenada Offices<\/a>. \u00cen cazul \u00een care un modul cookie prelucreaz\u0103 date cu caracter personal, ne vom asigura c\u0103 prelucrarea se va face \u00een conformitate cu legisla\u021bia \u00een vigoare \u0219i cu Regulamentul (UE) nr. 679\/2016 (GDPR)GDPR.<\/p><p>\u00a0<strong>CUM ADMINISTREZ MODULELE COOKIE?<\/strong><\/p><p><strong>Refuzul de a utiliza modulele cookie<\/strong><\/p><p>Promenada Offices utilizeaz\u0103 cookie-uri necesare \u0219i func\u021bionale pentru a v\u0103 putea furniza website-ul \u0219i pentru a putea utiliza \u00een mod facil func\u021bionalit\u0103\u021bile puse la dispozi\u021bie de acesta. Aceste cookie-uri nu pot fi dezactivate direct de pe site, \u00eentruc\u00e2t sunt strict necesare pentru furnizarea serviciilor.<\/p><p>Promenada Offices utilizeaz\u0103 de asemenea cookie-uri pentru statistici, preferin\u021be \u0219i marketing, \u00een m\u0103sura \u00een care v\u0103 acorda\u021bi consim\u021b\u0103m\u00e2ntul, pentru a analiza interac\u021biunea cu website-ul nostru \u0219i pentru a v\u0103 putea \u00eembun\u0103t\u0103\u021bi experien\u021ba pe care o ave\u021bi pe website.<\/p><p>Totodata, Promenada Offices utilizeaz\u0103 cooki-uri ter\u021be pentru \u00een\u021belegerea performan\u021belor website-ului, pentru a vedea cum interac\u021biona\u021bi cu website-ul nostru, pentru p\u0103strarea serviciilor noastre \u00een siguran\u021b\u0103<\/p><p>Respingerea altor module cookie poate s\u0103 nu afecteze experien\u021ba utilizatorului dvs \u0219i func\u021bionalitatea \u00een timpul utiliz\u0103rii website-ului. Dac\u0103 respinge\u021bi utilizarea tuturor modulelor cookie, modulele cookie primare \u0219i modulele cookie ter\u021be vor fi dezactivate. \u00cen plus, modulele cookie primare vor fi \u0219terse. Nu vom putea \u0219terge modulele cookie ter\u021be. Prin urmare, va fi necesar s\u0103 \u0219terge\u021bi personal modulele cookie ter\u021be. Acest lucru se poate face din set\u0103rile browser-ului dvs.<\/p><p>\u00a0<strong>Dezactivarea \u0219i\/sau \u0219tergerea modulelor cookie prin browser-ul dvs<\/strong><\/p><p>Alternativ \u0219i\/sau \u00een plus, pute\u021bi schimba set\u0103rile modulelor cookie prin intermediul browser-ului dvs de internet. Browser-ul dvs de internet va permite s\u0103 modifica\u021bi set\u0103rile modulelor cookie. Astfel de set\u0103ri ale browser-ului pentru modulele cookie sunt de obicei g\u0103site \u00een meniul \u201eop\u021biuni\u201d, \u201einstrumente\u201d sau \u201epreferin\u021be\u201d al browser-ului dvs. de internet. De asemenea, pute\u021bi consulta meniul \u201eAjutor\u201d al browser-ului. Browsere diferite pot utiliza mecanisme diferite pentru a dezactiva modulele cookie.<\/p><p><a href=\"https:\/\/support.microsoft.com\/ro-ro\/help\/17442\/windows-internet-explorer-delete-manage-cookies\"><strong>Cookie settings \u00een Internet Explorer<\/strong><\/a><\/p><p><a href=\"https:\/\/answers.microsoft.com\/en-us\/windows\/forum\/apps_windows_10-msedge\/edge-how-do-i-enable-cookies\/275b58e3-d741-4b21-8042-3059b1902d0e?auth=1\"><strong>Cookie settings \u00een Microsoft Edge<\/strong><\/a><\/p><p><a href=\"https:\/\/support.mozilla.org\/ro\/kb\/activarea-si-dezactivarea-cookie-urilor\"><strong>Cookie settings \u00een Firefox<\/strong><\/a><\/p><p><a href=\"https:\/\/support.google.com\/chrome\/answer\/95647?co=GENIE.Platform%3DDesktop&amp;hl=ro\"><strong>Cookie settings \u00een Chrome pentru Desktop<\/strong><\/a><\/p><p><a href=\"https:\/\/support.google.com\/chrome\/answer\/95647?co=GENIE.Platform%3DAndroid&amp;hl=ro\"><strong>Cookie settings \u00een Chrome pentru Android<\/strong><\/a><\/p><p><a href=\"https:\/\/support.apple.com\/kb\/PH21411?locale=en_US&amp;viewlocale=ro_RO\"><strong>Cookie settings \u00een Safari<\/strong><\/a><\/p><p>\u00cen ceea ce prive\u0219te set\u0103rile browser-ului pentru \u0219tergerea modulelor cookie anterioare, se aplic\u0103 acelea\u0219i principii ca \u00een cazul dezactiv\u0103rii modulelor cookie noi prin set\u0103rile browser-ului. V\u0103 rug\u0103m urma\u021bi instruc\u021biunile corespunz\u0103toare ale browser-ului dvs, a\u0219a cum sunt detaliate mai sus.<\/p><p>Exist\u0103 instrumente online disponibile pentru a \u0219terge toate modulele cookie r\u0103mase \u00een urma site-urilor pe care le-a\u021bi vizitat, cum ar fi\u00a0<a href=\"http:\/\/www.allaboutcookies.org\/\">www.allaboutcookies.org<\/a>.<\/p><p>Atunci c\u00e2nd vizita\u021bi acest website de pe alte calculatoare, va fi necesar s\u0103 realiza\u021bi din nou modificarea set\u0103rilor.<\/p><p>\u00a0<strong>CE TIPURI DE MODULE COOKIE\u00a0?<\/strong><\/p><p><strong>Modulele Cookie Strict Necesare<\/strong>\u00a0garanteaz\u0103 func\u021bii f\u0103r\u0103 de care nu ve\u021bi putea s\u0103 utiliza\u021bi acest site \u0219i v\u0103 asigur\u0103, printre altele, c\u0103 atunci c\u00e2nd accesa\u021bi func\u021bionalit\u0103\u021bile unui site, vi se va afi\u0219a o versiune care are o conexiune de band\u0103 larg\u0103 a cantit\u0103\u021bii de date corespunz\u0103toare celei a conexiunii la Internet pe care o utiliza\u021bi. \u00cen plus, un astfel de modul cookie are grij\u0103 ca, \u00een cazul \u00een care schimba\u021bi paginile, se realizeaz\u0103 func\u021bia de schimbare de la http la https. \u00cen plus, modulele cookie de acest tip v\u0103 stocheaz\u0103 decizia privind utilizarea modulelor cookie pe Site-ul nostru.<\/p><p>Modulele Cookie Strict Necesare pe care le folosim sunt:<\/p><p>\u2013 module cookie care sunt utilizate exclusiv pentru transmiterea comunic\u0103rii prin internet;<\/p><p>\u2013 module cookie care sunt esen\u021biale pentru a putea experimenta func\u021bionalitatea completa a site-ului \u0219i care ne permit s\u0103 men\u021binem sesiunile utilizatorilor \u0219i s\u0103 prevenim orice amenin\u021b\u0103ri la adresa securit\u0103\u021bii;<\/p><p>\u2013 module cookie care sunt strict necesare pentru ca noi s\u0103 v\u0103 oferim serviciul pe care l-a\u021bi solicitat \u00een mod explicit (adic\u0103 dac\u0103 aceste module cookie sunt dezactivate, nu v\u0103 vom putea oferi serviciul pe care l-a\u021bi solicitat \u00een mod expres).<\/p><p>Utilizarea Modulelor Cookie Strict Necesare pentru scopurile descrise mai sus se bazeaz\u0103 pe interesele noastre legitime pentru a asigura func\u021bionarea, accesarea \u0219i utilizarea tehnic\u0103 adecvat\u0103 a Site-ului \u0219i pentru a v\u0103 furniza serviciile pe care le-a\u021bi solicitat \u00een mod explicit.<\/p><p><strong>Module Cookie de Statistic\u0103:<\/strong>\u00a0Aceste module cookie sunt folosite pentru a ne furniza informa\u021bii statistice despre performan\u021ba site-ului nostru (de exemplu, pentru a num\u0103ra vizitele, sursele de trafic, ce pagini ale site-ului au fost vizitate etc). Aceste date ne ajut\u0103 s\u0103 \u00een\u021belegem \u0219i s\u0103 analiz\u0103m c\u00e2t de bine func\u021bioneaz\u0103 site-ul \u0219i unde are nevoie de \u00eembun\u0103t\u0103\u021biri. Aceast\u0103 categorie poate include \u0219i module cookie ter\u021be.<\/p><p>Utilizarea Modulelor Cookie de Statistic\u0103 pentru scopurile descrise mai sus se bazeaz\u0103 pe interesele noastre legitime pentru \u00eembun\u0103t\u0103\u021birea con\u021binutului Site-ului \u0219i a campaniilor desf\u0103\u0219urate pe Site precum \u0219i mai buna evaluare a indicatorilor de performan\u021b\u0103 (KPI) ai campaniilor comerciale desf\u0103\u0219urate pe Site.<\/p><p><strong>\u00a0<\/strong><\/p><p><strong>CENTRUL DE PREFERIN\u021aE<\/strong><\/p><p>Ve\u021bi avea ocazia de a alege categoriile de module cookie specifice utilizate pe acest Site.<\/p><p>Cu excep\u021bia categoriilor de module cookie care sunt strict necesare pentru func\u021bionarea site-ului, pute\u021bi accepta sau refuza utilizarea de module cookie, pentru fiecare categorie de modul cookie, prin mutarea selectorului la sf\u00e2r\u0219itul fiec\u0103rui r\u00e2nd din cadrul casetei de op\u021biuni care va ap\u0103rea pe ecran prin accesarea op\u021biunii \u201eGESTIONEAZ\u0102 SET\u0102RI\u201d inclus\u0103 \u00een prin care este semnalat\u0103 utilizarea fi\u0219ierelor cookie, afi\u0219at la prima accesare a site-ului. Nu vom folosi alte categorii de module cookie dec\u00e2t cele strict necesare pentru ca site-ul s\u0103 func\u021bioneze \u00een cazul \u00een care alege\u021bi s\u0103 nu fie utilizate aceste categorii de module cookie.<\/p><p>De fiecare dat\u0103 c\u00e2nd vi se ofer\u0103 s\u0103 accepta\u021bi sau s\u0103 refuza\u021bi utilizarea categoriilor de module cookie, v\u0103 oferim informa\u021biile esen\u021biale pe care trebuie sa le cunoa\u0219te\u021bi pentru a alege: categoriile de module cookie, identitatea operatorului de date, dac\u0103 sunt categorii de module cookie care se refer\u0103 la module cookie persistente sau de sesiune, dac\u0103 acea categorie de modul cookie este un modul cookie primar sau un modul cookie ter\u021b (cu excep\u021bia modulelor Cookie Strict Necesare [acestea fiind mereu module cookie primare]), \u0219i dac\u0103 datele dvs. cu caracter personal sunt transferate \u00een afara Spa\u021biului Economic European.<\/p><p>Odat\u0103 ce a\u021bi acceptat ca noi s\u0103 folosim categorii de module cookie, pute\u021bi reveni la alegerea dvs \u0219i s\u0103 dezactiva\u021bi fi\u0219ierele cookie (cu excep\u021bia celor strict necesare pentru func\u021bionarea acestei pagini de internet) astfel:<\/p><p>(i) prin accesarea op\u021biunii \u201eGESTIONEAZ\u0102 SET\u0102RI\u201d inclus\u0103 \u00een bannerul prin care este semnalat\u0103 utilizarea fi\u0219ierelor cookie, afi\u0219at la prima accesare a Site-ului;<\/p><p>(ii) prin accesarea link-ului permanent \u201ePOLITIC\u0102 &amp; SET\u0102RI COOKIES\u201d, situat \u00een lista din subsolul Site-ului, disponibil \u00een orice pagin\u0103 a Site-ului.<\/p><p><strong>COOKIES STRICT NECESARE \u0218I DE FUNC\u021aIONALITATE<\/strong><\/p><p>Te rug\u0103m sa ai in vedere ca pentru cookie-urile necesare si de func\u021bionalitate nu \u00ee\u021bi vei putea sa \u00ee\u021bi retragi consim\u021b\u0103m\u00e2ntul, deoarece acestea sunt strict necesare pentru furnizarea site-ului. Astfel de cookie-uri pot fi blocate folosind mecanisme de blocare de reclame sau folosind set\u0103rile generale ale dispozitivului cu privire la cookie-uri. \u00cen acest caz \u00eens\u0103, func\u021bionalit\u0103\u021bile website-ului site-ului vor fi afectate p\u00e2n\u0103 \u00een punctul \u00een care acesta nu va mai putea fi utilizat.<\/p><table width=\"100%\"><tbody><tr><td width=\"18%\"><p><strong>DENUMIRE MODULE COOKIE<\/strong><\/p><\/td><td width=\"23%\"><p><strong>SCOP<\/strong><\/p><\/td><td width=\"14%\"><p><strong>DURATA<\/strong><\/p><\/td><td width=\"18%\"><p><strong>DE\u021aIN\u0102TOR<\/strong><\/p><\/td><td width=\"25%\"><p><strong>POLITIC\u0102 INFORMARE TER\u021a\u0102<\/strong><\/p><\/td><\/tr><tr><td width=\"18%\"><p>PHPSESSID<\/p><\/td><td width=\"23%\"><p>Con\u021bine sesiunea utilizatorului curent, folosit de server pentru identificarea utilizatorului curent.<\/p><\/td><td width=\"14%\"><p>Sesiune<\/p><\/td><td width=\"18%\"><p>Promenada Mall Bucuresti SRL<\/p><\/td><td width=\"25%\">\u00a0<\/td><\/tr><tr><td width=\"18%\"><p>cookie-disclaimer<\/p><\/td><td width=\"23%\"><p>Este folosit pentru a determina daca se afi\u0219eaz\u0103 sau nu c\u0103su\u021ba informativ\u0103 despre utilizarea \u0219i consim\u021b\u0103m\u00e2ntul cookie-urilor.<\/p><\/td><td width=\"14%\"><p>Permanent<\/p><\/td><td width=\"18%\"><p>Promenada Mall Bucuresti SRL<\/p><\/td><td width=\"25%\">\u00a0<\/td><\/tr><tr><td width=\"18%\"><p>WordPress, _logged_in_[hash]<\/p><\/td><td width=\"23%\"><p>Folosit de WordPress pentru identificarea utilizatorului<\/p><\/td><td width=\"14%\"><p>Permanent<\/p><\/td><td width=\"18%\"><p>WordPress<\/p><\/td><td width=\"25%\"><p><a href=\"https:\/\/codex.wordpress.org\/WordPress_Cookies\">https:\/\/codex.wordpress.org\/WordPress_Cookies<\/a><\/p><\/td><\/tr><tr><td width=\"18%\"><p>wfwaf-authcookie-[hash]<\/p><\/td><td width=\"23%\"><p>Valabil doar pentru utilizatorii lega\u021bi \u0219i autoriza\u021bi. Realizeaz\u0103 o verificare a utilizatorului curent \u00eenainte ca WordPress s\u0103 fie \u00eenc\u0103rcat<\/p><\/td><td width=\"14%\"><p>Permanent<\/p><\/td><td width=\"18%\"><p>Wordfence<\/p><\/td><td width=\"25%\"><p><a href=\"https:\/\/www.wordfence.com\/help\/general-data-protection-regulation\/\">https:\/\/www.wordfence.com\/help\/general-data-protection-regulation\/<\/a><\/p><\/td><\/tr><tr><td width=\"18%\"><p>cerber_groove, cerber_groove_x_[hash]<\/p><\/td><td width=\"23%\"><p>Sunt cookie-uri de securitate folosite \u00een diverse scopuri. Nu stocheaz\u0103 niciun fel de informa\u021bie personal\u0103.<\/p><\/td><td width=\"14%\"><p>Permanent<\/p><\/td><td width=\"18%\"><p>WordPress<\/p><\/td><td width=\"25%\"><p><a href=\"https:\/\/wordpress.org\/support\/topic\/cerber_groove-cookie-purpose\/\">https:\/\/wordpress.org\/support\/topic\/cerber_groove-cookie-purpose\/<\/a><\/p><\/td><\/tr><\/tbody><\/table><p><strong>COOKIES DE STATISTIC\u0102<\/strong><\/p><p>Ne dorim s\u0103 \u00ee\u021bi oferim o experien\u021b\u0103 c\u00e2t mai relevant\u0103 \u021bie, iar informa\u021biile de statistic\u0103 \u0219i analiz\u0103 agregate \u00een mod anonim ne ajut\u0103 s\u0103 \u00een\u021belegem modul \u00een care interac\u021bionezi cu site-ul atunci c\u00e2nd ne vizitezi \u0219i, implicit, s\u0103 ne \u00eembun\u0103t\u0103\u021bim serviciile \u0219i con\u021binutul.<\/p><table width=\"100%\"><tbody><tr><td colspan=\"2\" width=\"25%\"><p><strong>DENUMIRE MODULE COOKIE<\/strong><\/p><\/td><td width=\"26%\"><p><strong>SCOP<\/strong><\/p><\/td><td width=\"9%\"><p><strong>DURATA<\/strong><\/p><\/td><td width=\"13%\"><p><strong>DE\u021aIN\u0102TOR<\/strong><\/p><\/td><td width=\"24%\"><p><strong>POLITIC\u0102 INFORMARE TER\u021a\u0102<\/strong><\/p><\/td><\/tr><tr><td rowspan=\"8\" width=\"16%\"><p>Google Analytics<\/p><\/td><td width=\"9%\"><p>_ga<\/p><\/td><td rowspan=\"8\" width=\"26%\"><p>Aceste cookies permit colectarea de informa\u021bii despre modul \u00een care vizitatorii utilizeaz\u0103 acest site \u0219i pentru a detecta posibile probleme de navigare. Google Analytics stocheaz\u0103 informa\u021bii despre paginile vizitate, durata de navigare pe site, modalitatea prin care a fost accesat site-ul, precum \u0219i sec\u021biunile accesate din cadrul paginilor. Nu sunt stocate informa\u021bii personale, prin urmare, aceste informa\u021bii nu pot fi folosite pentru identificarea utilizatorului.<\/p><p>Site-ul folose\u0219te Google Analytics pentru a putea urm\u0103ri daca site-ul \u00eentrune\u0219te cerin\u021bele utilizatorilor \u0219i pentru a prioritiza \u00eembun\u0103t\u0103\u021birea proceselor derulate. Google ofer\u0103 mai multe informa\u021bii despre cookie-uri in pagina de politic\u0103 a confiden\u021bialit\u0103\u021bii \u0219i politic\u0103 cookie-urilor. De asemenea, Google pune la dispozi\u021bie un \u201c<em>add-on<\/em>\u201d ce ofer\u0103 posibilitatea renun\u021b\u0103rii la Google Analytics indiferent de paginile accesate.<\/p><\/td><td width=\"9%\"><p>2 ani<\/p><\/td><td rowspan=\"8\" width=\"13%\"><p>Google<\/p><\/td><td rowspan=\"8\" width=\"24%\"><p><a href=\"https:\/\/policies.google.com\/privacy?hl=ro\">https:\/\/policies.google.com\/privacy?hl=ro<\/a><\/p><p><u>\u00a0<\/u><\/p><p><a href=\"https:\/\/policies.google.com\/technologies\/types?hl=en-US\">https:\/\/policies.google.com\/technologies\/types?hl=en-US<\/a><\/p><\/td><\/tr><tr><td width=\"9%\"><p>_gid<\/p><\/td><td width=\"9%\"><p>24 ore<\/p><\/td><\/tr><tr><td width=\"9%\"><p>_utma<\/p><\/td><td width=\"9%\"><p>2 ani<\/p><\/td><\/tr><tr><td width=\"9%\"><p>_utmx<\/p><\/td><td width=\"9%\"><p>18 luni<\/p><\/td><\/tr><tr><td width=\"9%\"><p>_utmxx<\/p><\/td><td width=\"9%\"><p>18 luni<\/p><\/td><\/tr><tr><td width=\"9%\"><p>_utmz<\/p><\/td><td width=\"9%\"><p>6 luni<\/p><\/td><\/tr><tr><td width=\"9%\"><p>__gads<\/p><\/td><td width=\"9%\"><p>Variabil\u0103<\/p><\/td><\/tr><tr><td width=\"9%\"><p>_gat_gtag_UA[id]:<\/p><\/td><td width=\"9%\"><p>1 minute<\/p><\/td><\/tr><\/tbody><\/table><p><strong>\u00a0<\/strong><\/p>\t\t\t\t\t\t\t\t<\/div>\n\t\t\t\t<div class=\"elementor-element elementor-element-fba0ec5 elementor-widget elementor-widget-spacer\" data-id=\"fba0ec5\" data-element_type=\"widget\" data-e-type=\"widget\" data-widget_type=\"spacer.default\">\n\t\t\t\t\t\t\t<div class=\"elementor-spacer\">\n\t\t\t<div class=\"elementor-spacer-inner\"><\/div>\n\t\t<\/div>\n\t\t\t\t\t\t<\/div>\n\t\t\t\t\t<\/div>\n\t\t\t\t<\/div>\n\t\t\t\t<\/div>\n\t\t","protected":false},"excerpt":{"rendered":"<p>Politica de Cookies Politica de Cookies POLITIC\u0102 \u0218I SET\u0102RI COOKIES Cadrul legal general care reglementeaz\u0103 protec\u021bia datelor cu caracter personal este reprezentat de c\u0103tre Regulamentul General privind Protec\u021bia Datelor cu Caracter Personal nr. 679\/2016 (\u201cGDPR\u201d) aplicabil \u00een Uniunea Europeana, iar aceast\u0103 Politic\u0103 privind modulele cookies urmeaz\u0103 cerin\u021bele prev\u0103zute \u00een GDPR. Aceast\u0103 Politic\u0103 privind modulele cookie [&hellip;]<\/p>\n","protected":false},"author":1,"featured_media":0,"parent":0,"menu_order":0,"comment_status":"closed","ping_status":"closed","template":"","meta":{"footnotes":""},"class_list":["post-264","page","type-page","status-publish","hentry"],"blocksy_meta":[],"_links":{"self":[{"href":"https:\/\/promenadaoffices.ro\/en\/wp-json\/wp\/v2\/pages\/264","targetHints":{"allow":["GET"]}}],"collection":[{"href":"https:\/\/promenadaoffices.ro\/en\/wp-json\/wp\/v2\/pages"}],"about":[{"href":"https:\/\/promenadaoffices.ro\/en\/wp-json\/wp\/v2\/types\/page"}],"author":[{"embeddable":true,"href":"https:\/\/promenadaoffices.ro\/en\/wp-json\/wp\/v2\/users\/1"}],"replies":[{"embeddable":true,"href":"https:\/\/promenadaoffices.ro\/en\/wp-json\/wp\/v2\/comments?post=264"}],"version-history":[{"count":10,"href":"https:\/\/promenadaoffices.ro\/en\/wp-json\/wp\/v2\/pages\/264\/revisions"}],"predecessor-version":[{"id":1184,"href":"https:\/\/promenadaoffices.ro\/en\/wp-json\/wp\/v2\/pages\/264\/revisions\/1184"}],"wp:attachment":[{"href":"https:\/\/promenadaoffices.ro\/en\/wp-json\/wp\/v2\/media?parent=264"}],"curies":[{"name":"wp","href":"https:\/\/api.w.org\/{rel}","templated":true}]}}