{"id":34,"date":"2025-11-24T16:47:03","date_gmt":"2025-11-24T16:47:03","guid":{"rendered":"https:\/\/promenada.plusvalue.ro\/?page_id=34"},"modified":"2026-02-04T13:46:05","modified_gmt":"2026-02-04T13:46:05","slug":"despre-dezvoltator","status":"publish","type":"page","link":"https:\/\/promenadaoffices.ro\/en\/despre-dezvoltator\/","title":{"rendered":"About the developer"},"content":{"rendered":"<div data-elementor-type=\"wp-page\" data-elementor-id=\"34\" class=\"elementor elementor-34\" data-elementor-post-type=\"page\">\n\t\t\t\t<div class=\"elementor-element elementor-element-5c3bf5d e-con-full e-flex e-con e-parent\" data-id=\"5c3bf5d\" data-element_type=\"container\" data-e-type=\"container\" data-settings=\"{&quot;background_background&quot;:&quot;classic&quot;}\">\n\t\t<div class=\"elementor-element elementor-element-86ff98d e-flex e-con-boxed e-con e-child\" data-id=\"86ff98d\" data-element_type=\"container\" data-e-type=\"container\">\n\t\t\t\t\t<div class=\"e-con-inner\">\n\t\t\t\t<div class=\"elementor-element elementor-element-352f549 elementor-widget elementor-widget-heading\" data-id=\"352f549\" data-element_type=\"widget\" data-e-type=\"widget\" data-widget_type=\"heading.default\">\n\t\t\t\t\t<h1 class=\"elementor-heading-title elementor-size-default\">About the developer<\/h1>\t\t\t\t<\/div>\n\t\t\t\t<div class=\"elementor-element elementor-element-a13a1da elementor-widget elementor-widget-text-editor\" data-id=\"a13a1da\" data-element_type=\"widget\" data-e-type=\"widget\" data-widget_type=\"text-editor.default\">\n\t\t\t\t\t\t\t\t\t<p class=\"elementor-heading-title elementor-size-default\">EXCELLENCE. INNOVATION. EXPERIENCE.<\/p>\t\t\t\t\t\t\t\t<\/div>\n\t\t\t\t\t<\/div>\n\t\t\t\t<\/div>\n\t\t<div class=\"elementor-element elementor-element-544401d e-con-full e-flex e-con e-child\" data-id=\"544401d\" data-element_type=\"container\" data-e-type=\"container\" data-settings=\"{&quot;background_background&quot;:&quot;classic&quot;}\">\n\t\t\t\t<\/div>\n\t\t\t\t<\/div>\n\t\t<div class=\"elementor-element elementor-element-35b0108 e-flex e-con-boxed e-con e-parent\" data-id=\"35b0108\" data-element_type=\"container\" data-e-type=\"container\">\n\t\t\t\t\t<div class=\"e-con-inner\">\n\t\t<div class=\"elementor-element elementor-element-df72201 e-con-full e-flex elementor-invisible e-con e-child\" data-id=\"df72201\" data-element_type=\"container\" data-e-type=\"container\" data-settings=\"{&quot;animation&quot;:&quot;fadeInRight&quot;,&quot;animation_delay&quot;:200}\">\n\t\t\t\t<div class=\"elementor-element elementor-element-65ac516 elementor-widget elementor-widget-text-editor\" data-id=\"65ac516\" data-element_type=\"widget\" data-e-type=\"widget\" data-widget_type=\"text-editor.default\">\n\t\t\t\t\t\t\t\t\t<p>Nepi Rockcastle<\/p>\t\t\t\t\t\t\t\t<\/div>\n\t\t\t\t<div class=\"elementor-element elementor-element-4034933 elementor-widget elementor-widget-heading\" data-id=\"4034933\" data-element_type=\"widget\" data-e-type=\"widget\" data-widget_type=\"heading.default\">\n\t\t\t\t\t<h2 class=\"elementor-heading-title elementor-size-default\">Established Expertise in Europe<\/h2>\t\t\t\t<\/div>\n\t\t\t\t<div class=\"elementor-element elementor-element-9ebc1e8 elementor-widget-divider--view-line elementor-widget elementor-widget-divider\" data-id=\"9ebc1e8\" data-element_type=\"widget\" data-e-type=\"widget\" data-widget_type=\"divider.default\">\n\t\t\t\t\t\t\t<div class=\"elementor-divider\">\n\t\t\t<span class=\"elementor-divider-separator\">\n\t\t\t\t\t\t<\/span>\n\t\t<\/div>\n\t\t\t\t\t\t<\/div>\n\t\t\t\t<div class=\"elementor-element elementor-element-b2d6895 elementor-widget elementor-widget-text-editor translation-block\" data-id=\"b2d6895\" data-element_type=\"widget\" data-e-type=\"widget\" data-widget_type=\"text-editor.default\">NEPI Rockcastle is the leading investor, owner, developer, and operator of commercial properties in Central and Eastern Europe, with a market capitalization of EUR 5.8 billion and an investment portfolio exceeding EUR 8.1 billion. The company is listed on the Johannesburg Stock Exchange (JSE and A2X) and Amsterdam (Euronext) and has been active in the European market for over 15 years.<\/div>\n\t\t\t\t<\/div>\n\t\t<div class=\"elementor-element elementor-element-7401f3d e-con-full e-flex e-con e-child\" data-id=\"7401f3d\" data-element_type=\"container\" data-e-type=\"container\" data-settings=\"{&quot;background_background&quot;:&quot;classic&quot;}\">\n\t\t\t\t<div class=\"elementor-element elementor-element-c22fe4e elementor-widget elementor-widget-counter\" data-id=\"c22fe4e\" data-element_type=\"widget\" data-e-type=\"widget\" data-widget_type=\"counter.default\">\n\t\t\t\t\t\t\t<div class=\"elementor-counter\">\n\t\t\t<div class=\"elementor-counter-title\">Real Estate Properties<\/div>\t\t\t<div class=\"elementor-counter-number-wrapper\">\n\t\t\t\t<span class=\"elementor-counter-number-prefix\"><\/span>\n\t\t\t\t<span class=\"elementor-counter-number\" data-duration=\"500\" data-to-value=\"60\" data-from-value=\"0\">0<\/span>\n\t\t\t\t<span class=\"elementor-counter-number-suffix\"><\/span>\n\t\t\t<\/div>\n\t\t<\/div>\n\t\t\t\t\t\t<\/div>\n\t\t\t\t<\/div>\n\t\t\t\t\t<\/div>\n\t\t\t\t<\/div>\n\t\t<div class=\"elementor-element elementor-element-285825d e-flex e-con-boxed e-con e-parent\" data-id=\"285825d\" data-element_type=\"container\" data-e-type=\"container\" data-settings=\"{&quot;background_background&quot;:&quot;classic&quot;}\">\n\t\t\t\t\t<div class=\"e-con-inner\">\n\t\t<div class=\"elementor-element elementor-element-4de0fcb e-con-full e-flex e-con e-child\" data-id=\"4de0fcb\" data-element_type=\"container\" data-e-type=\"container\">\n\t\t\t\t<div class=\"elementor-element elementor-element-601162e elementor-invisible elementor-widget elementor-widget-heading\" data-id=\"601162e\" data-element_type=\"widget\" data-e-type=\"widget\" data-settings=\"{&quot;_animation&quot;:&quot;fadeInUp&quot;,&quot;_animation_delay&quot;:200}\" data-widget_type=\"heading.default\">\n\t\t\t\t\t<h2 class=\"elementor-heading-title elementor-size-default\">A growing European portfolio<\/h2>\t\t\t\t<\/div>\n\t\t\t\t<div class=\"elementor-element elementor-element-76d46ee elementor-widget elementor-widget-text-editor\" data-id=\"76d46ee\" data-element_type=\"widget\" data-e-type=\"widget\" data-widget_type=\"text-editor.default\">\n\t\t\t\t\t\t\t\t\t<p class=\"translation-block\">The group owns an impressive portfolio of over 60 properties in key locations in Romania, Poland, Hungary, Bulgaria, Slovakia, Croatia, the Czech Republic, and Lithuania, with a total leasable area (GLA) of over 2.4 million m\u00b2. NEPI Rockcastle is a market leader in Romania and Poland\u2014the largest markets in the region\u2014and continues to expand through a development program of approximately EUR 800 million and strategic acquisitions of premium assets.<\/p>\t\t\t\t\t\t\t\t<\/div>\n\t\t\t\t<div class=\"elementor-element elementor-element-0437802 elementor-widget elementor-widget-button\" data-id=\"0437802\" data-element_type=\"widget\" data-e-type=\"widget\" data-widget_type=\"button.default\">\n\t\t\t\t\t\t\t\t\t\t<a class=\"elementor-button elementor-button-link elementor-size-sm\" href=\"https:\/\/nepirockcastle.com\/\" target=\"_blank\">\n\t\t\t\t\t\t<span class=\"elementor-button-content-wrapper\">\n\t\t\t\t\t\t\t\t\t<span class=\"elementor-button-text\">Learn more<\/span>\n\t\t\t\t\t<\/span>\n\t\t\t\t\t<\/a>\n\t\t\t\t\t\t\t\t<\/div>\n\t\t\t\t<\/div>\n\t\t<div class=\"elementor-element elementor-element-94e292a e-con-full e-flex e-con e-child\" data-id=\"94e292a\" data-element_type=\"container\" data-e-type=\"container\">\n\t\t\t\t<div class=\"elementor-element elementor-element-dac296b elementor-widget elementor-widget-image\" data-id=\"dac296b\" data-element_type=\"widget\" data-e-type=\"widget\" data-widget_type=\"image.default\">\n\t\t\t\t\t\t\t\t\t\t\t\t\t\t\t<img fetchpriority=\"high\" decoding=\"async\" width=\"965\" height=\"980\" src=\"https:\/\/promenadaoffices.ro\/wp-content\/uploads\/2025\/11\/WRLD-EU-01-00022.png\" class=\"attachment-large size-large wp-image-325\" alt=\"\" \/>\t\t\t\t\t\t\t\t\t\t\t\t\t\t\t<\/div>\n\t\t\t\t<\/div>\n\t\t\t\t\t<\/div>\n\t\t\t\t<\/div>\n\t\t<div class=\"elementor-element elementor-element-2d3e630 e-flex e-con-boxed e-con e-parent\" data-id=\"2d3e630\" data-element_type=\"container\" data-e-type=\"container\">\n\t\t\t\t\t<div class=\"e-con-inner\">\n\t\t<div class=\"elementor-element elementor-element-2d49371 e-con-full e-flex elementor-invisible e-con e-child\" data-id=\"2d49371\" data-element_type=\"container\" data-e-type=\"container\" data-settings=\"{&quot;animation&quot;:&quot;fadeInLeft&quot;,&quot;animation_delay&quot;:400}\">\n\t\t\t\t<div class=\"elementor-element elementor-element-b2bb360 elementor-widget elementor-widget-text-editor\" data-id=\"b2bb360\" data-element_type=\"widget\" data-e-type=\"widget\" data-widget_type=\"text-editor.default\">\n\t\t\t\t\t\t\t\t\t<p>Sustainability<\/p>\t\t\t\t\t\t\t\t<\/div>\n\t\t\t\t<div class=\"elementor-element elementor-element-0093a06 elementor-widget elementor-widget-heading\" data-id=\"0093a06\" data-element_type=\"widget\" data-e-type=\"widget\" data-widget_type=\"heading.default\">\n\t\t\t\t\t<h2 class=\"elementor-heading-title elementor-size-default\">BREEAM standard at group level<\/h2>\t\t\t\t<\/div>\n\t\t\t\t<div class=\"elementor-element elementor-element-2c75ea8 elementor-widget elementor-widget-text-editor\" data-id=\"2c75ea8\" data-element_type=\"widget\" data-e-type=\"widget\" data-widget_type=\"text-editor.default\">\n\t\t\t\t\t\t\t\t\t<p class=\"translation-block\">All of the group\u2019s eligible properties are BREEAM-certified, reflecting NEPI Rockcastle\u2019s commitment to sustainable development and operational performance.<\/p>\t\t\t\t\t\t\t\t<\/div>\n\t\t\t\t<\/div>\n\t\t<div class=\"elementor-element elementor-element-8b5bf0e e-con-full e-flex elementor-invisible e-con e-child\" data-id=\"8b5bf0e\" data-element_type=\"container\" data-e-type=\"container\" data-settings=\"{&quot;animation&quot;:&quot;fadeInRight&quot;,&quot;animation_delay&quot;:200}\">\n\t\t\t\t<div class=\"elementor-element elementor-element-0abe9ae elementor-widget elementor-widget-image\" data-id=\"0abe9ae\" data-element_type=\"widget\" data-e-type=\"widget\" data-widget_type=\"image.default\">\n\t\t\t\t\t\t\t\t\t\t\t\t\t\t\t<img decoding=\"async\" width=\"806\" height=\"1024\" src=\"https:\/\/promenadaoffices.ro\/wp-content\/uploads\/2025\/12\/promenada-offices-bucuresti-806x1024.webp\" class=\"attachment-large size-large wp-image-825\" alt=\"\" srcset=\"https:\/\/promenadaoffices.ro\/wp-content\/uploads\/2025\/12\/promenada-offices-bucuresti-806x1024.webp 806w, https:\/\/promenadaoffices.ro\/wp-content\/uploads\/2025\/12\/promenada-offices-bucuresti-236x300.webp 236w, https:\/\/promenadaoffices.ro\/wp-content\/uploads\/2025\/12\/promenada-offices-bucuresti-768x976.webp 768w, https:\/\/promenadaoffices.ro\/wp-content\/uploads\/2025\/12\/promenada-offices-bucuresti-9x12.webp 9w, https:\/\/promenadaoffices.ro\/wp-content\/uploads\/2025\/12\/promenada-offices-bucuresti.webp 1200w\" sizes=\"(max-width: 806px) 100vw, 806px\" \/>\t\t\t\t\t\t\t\t\t\t\t\t\t\t\t<\/div>\n\t\t\t\t<\/div>\n\t\t\t\t\t<\/div>\n\t\t\t\t<\/div>\n\t\t<div class=\"elementor-element elementor-element-b842e84 e-flex e-con-boxed e-con e-parent\" data-id=\"b842e84\" data-element_type=\"container\" data-e-type=\"container\" data-settings=\"{&quot;background_background&quot;:&quot;classic&quot;}\">\n\t\t\t\t\t<div class=\"e-con-inner\">\n\t\t<div class=\"elementor-element elementor-element-f5266ed e-con-full e-flex e-con e-child\" data-id=\"f5266ed\" data-element_type=\"container\" data-e-type=\"container\">\n\t\t\t\t<div class=\"elementor-element elementor-element-735472e elementor-invisible elementor-widget elementor-widget-text-editor\" data-id=\"735472e\" data-element_type=\"widget\" data-e-type=\"widget\" data-settings=\"{&quot;_animation&quot;:&quot;fadeInUp&quot;,&quot;_animation_delay&quot;:200}\" data-widget_type=\"text-editor.default\">\n\t\t\t\t\t\t\t\t\t<p>International affiliation<\/p>\t\t\t\t\t\t\t\t<\/div>\n\t\t\t\t<div class=\"elementor-element elementor-element-9bd56f7 elementor-invisible elementor-widget elementor-widget-heading\" data-id=\"9bd56f7\" data-element_type=\"widget\" data-e-type=\"widget\" data-settings=\"{&quot;_animation&quot;:&quot;fadeInUp&quot;,&quot;_animation_delay&quot;:300}\" data-widget_type=\"heading.default\">\n\t\t\t\t\t<h2 class=\"elementor-heading-title elementor-size-default\">Member of industry reference organizations<\/h2>\t\t\t\t<\/div>\n\t\t\t\t<div class=\"elementor-element elementor-element-d02ce60 elementor-widget elementor-widget-spacer\" data-id=\"d02ce60\" data-element_type=\"widget\" data-e-type=\"widget\" data-widget_type=\"spacer.default\">\n\t\t\t\t\t\t\t<div class=\"elementor-spacer\">\n\t\t\t<div class=\"elementor-spacer-inner\"><\/div>\n\t\t<\/div>\n\t\t\t\t\t\t<\/div>\n\t\t\t\t<div class=\"elementor-element elementor-element-a44c639 elementor-invisible elementor-widget elementor-widget-text-editor translation-block\" data-id=\"a44c639\" data-element_type=\"widget\" data-e-type=\"widget\" data-settings=\"{&quot;_animation&quot;:&quot;fadeInUp&quot;,&quot;_animation_delay&quot;:400}\" data-widget_type=\"text-editor.default\">The group is a member of the European Council of Shopping Places (ECSP), U.S. Green Building Council (USGBC), Science Based Targets initiative (SBTi), and European Public Real Estate Association (EPRA), strengthening its position as a leading developer in the European real estate landscape.<\/div>\n\t\t\t\t<div class=\"elementor-element elementor-element-80be8fd elementor-widget elementor-widget-spacer\" data-id=\"80be8fd\" data-element_type=\"widget\" data-e-type=\"widget\" data-widget_type=\"spacer.default\">\n\t\t\t\t\t\t\t<div class=\"elementor-spacer\">\n\t\t\t<div class=\"elementor-spacer-inner\"><\/div>\n\t\t<\/div>\n\t\t\t\t\t\t<\/div>\n\t\t\t\t<div class=\"elementor-element elementor-element-bc3d50b elementor-widget elementor-widget-button\" data-id=\"bc3d50b\" data-element_type=\"widget\" data-e-type=\"widget\" data-widget_type=\"button.default\">\n\t\t\t\t\t\t\t\t\t\t<a class=\"elementor-button elementor-button-link elementor-size-sm\" href=\"https:\/\/nepirockcastle.com\/\">\n\t\t\t\t\t\t<span class=\"elementor-button-content-wrapper\">\n\t\t\t\t\t\t\t\t\t<span class=\"elementor-button-text\">Learn more<\/span>\n\t\t\t\t\t<\/span>\n\t\t\t\t\t<\/a>\n\t\t\t\t\t\t\t\t<\/div>\n\t\t\t\t<\/div>\n\t\t<div class=\"elementor-element elementor-element-6db92da e-con-full e-flex elementor-invisible e-con e-child\" data-id=\"6db92da\" data-element_type=\"container\" data-e-type=\"container\" data-settings=\"{&quot;animation&quot;:&quot;fadeInLeft&quot;}\">\n\t\t\t\t<div class=\"elementor-element elementor-element-8cb92c1 mdp-image-shape-1 elementor-widget elementor-widget-image\" data-id=\"8cb92c1\" data-element_type=\"widget\" data-e-type=\"widget\" data-widget_type=\"image.default\">\n\t\t\t\t\t\t\t\t\t\t\t\t\t\t\t<img decoding=\"async\" width=\"2560\" height=\"1440\" src=\"https:\/\/promenadaoffices.ro\/wp-content\/uploads\/2025\/11\/promenada-offices-romania-cladire-birouri-2.jpg\" class=\"attachment-full size-full wp-image-80\" alt=\"\" \/>\t\t\t\t\t\t\t\t\t\t\t\t\t\t\t<\/div>\n\t\t\t\t<\/div>\n\t\t\t\t\t<\/div>\n\t\t\t\t<\/div>\n\t\t\t\t<\/div>","protected":false},"excerpt":{"rendered":"<p>EXCELLENCE. INNOVATION. EXPERIENCE. Nepi Rockcastle Expertiz\u0103 consolidat\u0103 \u00een Europa NEPI Rockcastle este principalul investitor, proprietar, dezvoltator si operator de propriet\u0103\u021bi comerciale din Europa Central\u0103 \u0219i de Est, cu o capitalizare de pia\u021b\u0103 de 5,8 miliarde EUR \u0219i un portofoliu de investi\u021bii de peste 8.1 miliarde EUR. Compania este listat\u0103 pe bursele din Johannesburg (JSE \u0219i [&hellip;]<\/p>\n","protected":false},"author":1,"featured_media":0,"parent":0,"menu_order":0,"comment_status":"closed","ping_status":"closed","template":"","meta":{"footnotes":""},"class_list":["post-34","page","type-page","status-publish","hentry"],"blocksy_meta":[],"_links":{"self":[{"href":"https:\/\/promenadaoffices.ro\/en\/wp-json\/wp\/v2\/pages\/34","targetHints":{"allow":["GET"]}}],"collection":[{"href":"https:\/\/promenadaoffices.ro\/en\/wp-json\/wp\/v2\/pages"}],"about":[{"href":"https:\/\/promenadaoffices.ro\/en\/wp-json\/wp\/v2\/types\/page"}],"author":[{"embeddable":true,"href":"https:\/\/promenadaoffices.ro\/en\/wp-json\/wp\/v2\/users\/1"}],"replies":[{"embeddable":true,"href":"https:\/\/promenadaoffices.ro\/en\/wp-json\/wp\/v2\/comments?post=34"}],"version-history":[{"count":10,"href":"https:\/\/promenadaoffices.ro\/en\/wp-json\/wp\/v2\/pages\/34\/revisions"}],"predecessor-version":[{"id":1067,"href":"https:\/\/promenadaoffices.ro\/en\/wp-json\/wp\/v2\/pages\/34\/revisions\/1067"}],"wp:attachment":[{"href":"https:\/\/promenadaoffices.ro\/en\/wp-json\/wp\/v2\/media?parent=34"}],"curies":[{"name":"wp","href":"https:\/\/api.w.org\/{rel}","templated":true}]}}